{"id":2494,"date":"2023-03-19T11:05:37","date_gmt":"2023-03-19T09:05:37","guid":{"rendered":"https:\/\/palemontech.eu\/?post_type=product&#038;p=2494"},"modified":"2025-12-01T05:48:42","modified_gmt":"2025-12-01T03:48:42","slug":"lackierte-metallpalette-mbk-1004","status":"publish","type":"product","link":"https:\/\/palemontech.eu\/?product=lackierte-metallpalette-mbk-1004&lang=de","title":{"rendered":"Lackierte Metallpalette MBK 1004"},"content":{"rendered":"<p>Metallpalette mit Hebe\u00f6sen,<br \/>\nDieser Palettentyp eignet sich f\u00fcr den Transport und die Bewegung von Waren sowie f\u00fcr die Lagerung von Materialien, da er leicht und bequem ist. Es ist auch eine perfekte Option f\u00fcr die Lagerorganisation.<\/p>\n","protected":false},"excerpt":{"rendered":"<p>Metallpalette mit Hebe\u00f6sen, Dieser Palettentyp eignet sich f\u00fcr den Transport und die Bewegung von Waren sowie f\u00fcr die Lagerung von Materialien, da er leicht und bequem ist. Es ist auch&hellip;<\/p>\n<p class=\"product woocommerce add_to_cart_inline \" style=\"border:4px solid #ccc; padding: 12px;\"><span class=\"woocommerce-Price-amount amount\"><bdi>165,00&nbsp;<span class=\"woocommerce-Price-currencySymbol\">&euro;<\/span><\/bdi><\/span><a href=\"\/index.php?rest_route=%2Fwp%2Fv2%2Fproduct%2F2494&#038;add-to-cart=2494\" aria-describedby=\"woocommerce_loop_add_to_cart_link_describedby_2494\" data-quantity=\"1\" class=\"button product_type_simple add_to_cart_button ajax_add_to_cart\" data-product_id=\"2494\" data-product_sku=\"\" aria-label=\"\u0414\u043e\u0431\u0430\u0432\u0438 \u0432 \u043a\u043e\u043b\u0438\u0447\u043a\u0430\u0442\u0430: &ldquo;Lackierte Metallpalette MBK 1004&rdquo;\" rel=\"nofollow\" data-success_message=\"&ldquo;Lackierte Metallpalette MBK 1004&rdquo; has been added to your cart\" role=\"button\">\u0414\u043e\u0431\u0430\u0432\u044f\u043d\u0435 \u0432 \u043a\u043e\u043b\u0438\u0447\u043a\u0430\u0442\u0430<\/a>\t<span id=\"woocommerce_loop_add_to_cart_link_describedby_2494\" class=\"screen-reader-text\"><br \/>\n\t\t\t<\/span><\/p>\n","protected":false},"featured_media":725,"template":"","meta":[],"product_brand":[],"product_cat":[797],"product_tag":[801,809,803],"class_list":{"0":"post-2494","1":"product","2":"type-product","3":"status-publish","4":"has-post-thumbnail","6":"product_cat-lackierte-paletten-aus-metall-de","7":"product_tag-lackierte-de","8":"product_tag-metal-de","9":"product_tag-metallpalette-de","10":"pa_aload-3000-kg-de","11":"pa_fill-height-500-mm-de","12":"pa_length-1230-mm-de","13":"pa_model-mbk1004-de","14":"pa_own-weight-63-kg-de","15":"pa_payload-1500-kg-de","16":"pa_theight-670-mm-de","17":"pa_width-830-mm-de","19":"first","20":"instock","21":"shipping-taxable","22":"purchasable","23":"product-type-simple"},"_links":{"self":[{"href":"https:\/\/palemontech.eu\/index.php?rest_route=\/wp\/v2\/product\/2494","targetHints":{"allow":["GET"]}}],"collection":[{"href":"https:\/\/palemontech.eu\/index.php?rest_route=\/wp\/v2\/product"}],"about":[{"href":"https:\/\/palemontech.eu\/index.php?rest_route=\/wp\/v2\/types\/product"}],"wp:featuredmedia":[{"embeddable":true,"href":"https:\/\/palemontech.eu\/index.php?rest_route=\/wp\/v2\/media\/725"}],"wp:attachment":[{"href":"https:\/\/palemontech.eu\/index.php?rest_route=%2Fwp%2Fv2%2Fmedia&parent=2494"}],"wp:term":[{"taxonomy":"product_brand","embeddable":true,"href":"https:\/\/palemontech.eu\/index.php?rest_route=%2Fwp%2Fv2%2Fproduct_brand&post=2494"},{"taxonomy":"product_cat","embeddable":true,"href":"https:\/\/palemontech.eu\/index.php?rest_route=%2Fwp%2Fv2%2Fproduct_cat&post=2494"},{"taxonomy":"product_tag","embeddable":true,"href":"https:\/\/palemontech.eu\/index.php?rest_route=%2Fwp%2Fv2%2Fproduct_tag&post=2494"}],"curies":[{"name":"wp","href":"https:\/\/api.w.org\/{rel}","templated":true}]}}