{"id":2491,"date":"2023-03-19T10:46:51","date_gmt":"2023-03-19T08:46:51","guid":{"rendered":"https:\/\/palemontech.eu\/?post_type=product&#038;p=2491"},"modified":"2026-02-01T09:06:16","modified_gmt":"2026-02-01T07:06:16","slug":"palette-aus-zinkmetall-mbk-1004v","status":"publish","type":"product","link":"https:\/\/palemontech.eu\/?product=palette-aus-zinkmetall-mbk-1004v&lang=de","title":{"rendered":"Palette aus Zinkmetall MBK 1004V"},"content":{"rendered":"<p>Metallpalette mit Hebe\u00f6sen, verzinkt Dieser Palettentyp eignet sich f\u00fcr den Transport und die Bewegung von Waren, f\u00fcr die Lagerung von Materialien, da sie leicht und bequem ist. Es ist auch eine perfekte Option f\u00fcr die Lagerorganisation.<\/p>\n","protected":false},"excerpt":{"rendered":"<p>Metallpalette mit Hebe\u00f6sen, verzinkt Dieser Palettentyp eignet sich f\u00fcr den Transport und die Bewegung von Waren, f\u00fcr die Lagerung von Materialien, da sie leicht und bequem ist. Es ist auch&hellip;<\/p>\n<p class=\"product woocommerce add_to_cart_inline \" style=\"border:4px solid #ccc; padding: 12px;\"><span class=\"woocommerce-Price-amount amount\"><bdi>230,00&nbsp;<span class=\"woocommerce-Price-currencySymbol\">&euro;<\/span><\/bdi><\/span><a href=\"\/index.php?rest_route=%2Fwp%2Fv2%2Fproduct%2F2491&#038;add-to-cart=2491\" aria-describedby=\"woocommerce_loop_add_to_cart_link_describedby_2491\" data-quantity=\"1\" class=\"button product_type_simple add_to_cart_button ajax_add_to_cart\" data-product_id=\"2491\" data-product_sku=\"\" aria-label=\"\u0414\u043e\u0431\u0430\u0432\u0438 \u0432 \u043a\u043e\u043b\u0438\u0447\u043a\u0430\u0442\u0430: &ldquo;Palette aus Zinkmetall MBK 1004V&rdquo;\" rel=\"nofollow\" data-success_message=\"&ldquo;Palette aus Zinkmetall MBK 1004V&rdquo; has been added to your cart\" role=\"button\">\u0414\u043e\u0431\u0430\u0432\u044f\u043d\u0435 \u0432 \u043a\u043e\u043b\u0438\u0447\u043a\u0430\u0442\u0430<\/a>\t<span id=\"woocommerce_loop_add_to_cart_link_describedby_2491\" class=\"screen-reader-text\"><br \/>\n\t\t\t<\/span><\/p>\n","protected":false},"featured_media":726,"template":"","meta":[],"product_brand":[],"product_cat":[793],"product_tag":[809,815,813,817],"class_list":{"0":"post-2491","1":"product","2":"type-product","3":"status-publish","4":"has-post-thumbnail","6":"product_cat-paletten-aus-metallzink-de","7":"product_tag-metal-de","8":"product_tag-palette-de","9":"product_tag-zinc-de","10":"product_tag-zinkmetall-de","11":"pa_aload-3000-kg-de","12":"pa_fill-height-500-mm-de","13":"pa_length-1230-mm-de","14":"pa_model-mbk1004v-de","15":"pa_own-weight-63-kg-de","16":"pa_payload-1500-kg-de","17":"pa_theight-670-mm-de","18":"pa_width-830-mm-de","20":"first","21":"instock","22":"shipping-taxable","23":"purchasable","24":"product-type-simple"},"_links":{"self":[{"href":"https:\/\/palemontech.eu\/index.php?rest_route=\/wp\/v2\/product\/2491","targetHints":{"allow":["GET"]}}],"collection":[{"href":"https:\/\/palemontech.eu\/index.php?rest_route=\/wp\/v2\/product"}],"about":[{"href":"https:\/\/palemontech.eu\/index.php?rest_route=\/wp\/v2\/types\/product"}],"wp:featuredmedia":[{"embeddable":true,"href":"https:\/\/palemontech.eu\/index.php?rest_route=\/wp\/v2\/media\/726"}],"wp:attachment":[{"href":"https:\/\/palemontech.eu\/index.php?rest_route=%2Fwp%2Fv2%2Fmedia&parent=2491"}],"wp:term":[{"taxonomy":"product_brand","embeddable":true,"href":"https:\/\/palemontech.eu\/index.php?rest_route=%2Fwp%2Fv2%2Fproduct_brand&post=2491"},{"taxonomy":"product_cat","embeddable":true,"href":"https:\/\/palemontech.eu\/index.php?rest_route=%2Fwp%2Fv2%2Fproduct_cat&post=2491"},{"taxonomy":"product_tag","embeddable":true,"href":"https:\/\/palemontech.eu\/index.php?rest_route=%2Fwp%2Fv2%2Fproduct_tag&post=2491"}],"curies":[{"name":"wp","href":"https:\/\/api.w.org\/{rel}","templated":true}]}}