{"id":2489,"date":"2023-03-19T10:36:19","date_gmt":"2023-03-19T08:36:19","guid":{"rendered":"https:\/\/palemontech.eu\/?post_type=product&#038;p=2489"},"modified":"2026-02-10T09:35:44","modified_gmt":"2026-02-10T07:35:44","slug":"palette-aus-zinkmetall-mbk-1006v","status":"publish","type":"product","link":"https:\/\/palemontech.eu\/?product=palette-aus-zinkmetall-mbk-1006v&lang=de","title":{"rendered":"Palette aus Zinkmetall MBK 1006V"},"content":{"rendered":"<p>Metallpaletten mit Kran\u00f6sen, Seitenteil zum \u00d6ffnen, verst\u00e4rkte Konstruktionen, f\u00fcr Bauschutt und Altstoffe, verzinkt.<\/p>\n","protected":false},"excerpt":{"rendered":"<p>Metallpaletten mit Kran\u00f6sen, Seitenteil zum \u00d6ffnen, verst\u00e4rkte Konstruktionen, f\u00fcr Bauschutt und Altstoffe, verzinkt.<\/p>\n","protected":false},"featured_media":775,"template":"","meta":[],"product_brand":[],"product_cat":[793],"product_tag":[815,817],"class_list":{"0":"post-2489","1":"product","2":"type-product","3":"status-publish","4":"has-post-thumbnail","6":"product_cat-paletten-aus-metallzink-de","7":"product_tag-palette-de","8":"product_tag-zinkmetall-de","9":"pa_aload-3000-kg-de","10":"pa_fill-height-620-mm-de","11":"pa_length-1230-mm-de","12":"pa_model-mbk1006v-de","13":"pa_own-weight-70-kg-de","14":"pa_payload-1500-kg-de","15":"pa_theight-900-mm-de","16":"pa_width-830-mm-de","18":"first","19":"instock","20":"shipping-taxable","21":"purchasable","22":"product-type-simple"},"_links":{"self":[{"href":"https:\/\/palemontech.eu\/index.php?rest_route=\/wp\/v2\/product\/2489","targetHints":{"allow":["GET"]}}],"collection":[{"href":"https:\/\/palemontech.eu\/index.php?rest_route=\/wp\/v2\/product"}],"about":[{"href":"https:\/\/palemontech.eu\/index.php?rest_route=\/wp\/v2\/types\/product"}],"wp:featuredmedia":[{"embeddable":true,"href":"https:\/\/palemontech.eu\/index.php?rest_route=\/wp\/v2\/media\/775"}],"wp:attachment":[{"href":"https:\/\/palemontech.eu\/index.php?rest_route=%2Fwp%2Fv2%2Fmedia&parent=2489"}],"wp:term":[{"taxonomy":"product_brand","embeddable":true,"href":"https:\/\/palemontech.eu\/index.php?rest_route=%2Fwp%2Fv2%2Fproduct_brand&post=2489"},{"taxonomy":"product_cat","embeddable":true,"href":"https:\/\/palemontech.eu\/index.php?rest_route=%2Fwp%2Fv2%2Fproduct_cat&post=2489"},{"taxonomy":"product_tag","embeddable":true,"href":"https:\/\/palemontech.eu\/index.php?rest_route=%2Fwp%2Fv2%2Fproduct_tag&post=2489"}],"curies":[{"name":"wp","href":"https:\/\/api.w.org\/{rel}","templated":true}]}}