{"id":2485,"date":"2023-03-19T10:23:25","date_gmt":"2023-03-19T08:23:25","guid":{"rendered":"https:\/\/palemontech.eu\/?post_type=product&#038;p=2485"},"modified":"2026-02-10T09:33:55","modified_gmt":"2026-02-10T07:33:55","slug":"palette-aus-zinkmetall-mbk-1007v","status":"publish","type":"product","link":"https:\/\/palemontech.eu\/?product=palette-aus-zinkmetall-mbk-1007v&lang=de","title":{"rendered":"Palette aus Zinkmetall MBK 1007V"},"content":{"rendered":"<p>Metallpaletten mit Kran\u00f6sen, stabile Ausf\u00fchrung, f\u00fcr Bauschutt, Altmaterialien, stapelbar, verzinkt.<\/p>\n","protected":false},"excerpt":{"rendered":"<p>Metallpaletten mit Kran\u00f6sen, stabile Ausf\u00fchrung, f\u00fcr Bauschutt, Altmaterialien, stapelbar, verzinkt.<\/p>\n","protected":false},"featured_media":505,"template":"","meta":[],"product_brand":[],"product_cat":[793],"product_tag":[809,815,813,817],"class_list":{"0":"post-2485","1":"product","2":"type-product","3":"status-publish","4":"has-post-thumbnail","6":"product_cat-paletten-aus-metallzink-de","7":"product_tag-metal-de","8":"product_tag-palette-de","9":"product_tag-zinc-de","10":"product_tag-zinkmetall-de","11":"pa_aload-3000-kg-de","12":"pa_fill-height-650-mm-de","13":"pa_length-1230-mm-de","14":"pa_model-mbk1007v-de","15":"pa_own-weight-66-kg-de","16":"pa_payload-1500-kg-de","17":"pa_theight-900-mm-de","18":"pa_width-830-mm-de","20":"first","21":"instock","22":"sale","23":"shipping-taxable","24":"purchasable","25":"product-type-simple"},"_links":{"self":[{"href":"https:\/\/palemontech.eu\/index.php?rest_route=\/wp\/v2\/product\/2485","targetHints":{"allow":["GET"]}}],"collection":[{"href":"https:\/\/palemontech.eu\/index.php?rest_route=\/wp\/v2\/product"}],"about":[{"href":"https:\/\/palemontech.eu\/index.php?rest_route=\/wp\/v2\/types\/product"}],"wp:featuredmedia":[{"embeddable":true,"href":"https:\/\/palemontech.eu\/index.php?rest_route=\/wp\/v2\/media\/505"}],"wp:attachment":[{"href":"https:\/\/palemontech.eu\/index.php?rest_route=%2Fwp%2Fv2%2Fmedia&parent=2485"}],"wp:term":[{"taxonomy":"product_brand","embeddable":true,"href":"https:\/\/palemontech.eu\/index.php?rest_route=%2Fwp%2Fv2%2Fproduct_brand&post=2485"},{"taxonomy":"product_cat","embeddable":true,"href":"https:\/\/palemontech.eu\/index.php?rest_route=%2Fwp%2Fv2%2Fproduct_cat&post=2485"},{"taxonomy":"product_tag","embeddable":true,"href":"https:\/\/palemontech.eu\/index.php?rest_route=%2Fwp%2Fv2%2Fproduct_tag&post=2485"}],"curies":[{"name":"wp","href":"https:\/\/api.w.org\/{rel}","templated":true}]}}