{"id":2475,"date":"2023-03-19T09:17:04","date_gmt":"2023-03-19T07:17:04","guid":{"rendered":"https:\/\/palemontech.eu\/?post_type=product&#038;p=2475"},"modified":"2024-07-01T00:02:11","modified_gmt":"2024-06-30T21:02:11","slug":"lackierte-metallpalette-mbk-1007","status":"publish","type":"product","link":"https:\/\/palemontech.eu\/?product=lackierte-metallpalette-mbk-1007&lang=de","title":{"rendered":"Lackierte Metallpalette MBK 1007"},"content":{"rendered":"<p>Mit Kran\u00f6sen, stabile Ausf\u00fchrung, f\u00fcr Bauschutt, Altmaterialien, stapelbar.<\/p>\n","protected":false},"excerpt":{"rendered":"<p>Mit Kran\u00f6sen, stabile Ausf\u00fchrung, f\u00fcr Bauschutt, Altmaterialien, stapelbar.<\/p>\n","protected":false},"featured_media":678,"template":"","meta":[],"product_brand":[],"product_cat":[797],"product_tag":[801,809,803],"class_list":{"0":"post-2475","1":"product","2":"type-product","3":"status-publish","4":"has-post-thumbnail","6":"product_cat-lackierte-paletten-aus-metall-de","7":"product_tag-lackierte-de","8":"product_tag-metal-de","9":"product_tag-metallpalette-de","10":"pa_aload-3000-kg-de","11":"pa_fill-height-650-mm-de","12":"pa_length-1230-mm-de","13":"pa_model-mbk1007-de","14":"pa_own-weight-66-kg-de","15":"pa_payload-1500-kg-de","16":"pa_theight-900-mm-de","17":"pa_width-830-mm-de","19":"first","20":"instock","21":"shipping-taxable","22":"purchasable","23":"product-type-simple"},"_links":{"self":[{"href":"https:\/\/palemontech.eu\/index.php?rest_route=\/wp\/v2\/product\/2475","targetHints":{"allow":["GET"]}}],"collection":[{"href":"https:\/\/palemontech.eu\/index.php?rest_route=\/wp\/v2\/product"}],"about":[{"href":"https:\/\/palemontech.eu\/index.php?rest_route=\/wp\/v2\/types\/product"}],"wp:featuredmedia":[{"embeddable":true,"href":"https:\/\/palemontech.eu\/index.php?rest_route=\/wp\/v2\/media\/678"}],"wp:attachment":[{"href":"https:\/\/palemontech.eu\/index.php?rest_route=%2Fwp%2Fv2%2Fmedia&parent=2475"}],"wp:term":[{"taxonomy":"product_brand","embeddable":true,"href":"https:\/\/palemontech.eu\/index.php?rest_route=%2Fwp%2Fv2%2Fproduct_brand&post=2475"},{"taxonomy":"product_cat","embeddable":true,"href":"https:\/\/palemontech.eu\/index.php?rest_route=%2Fwp%2Fv2%2Fproduct_cat&post=2475"},{"taxonomy":"product_tag","embeddable":true,"href":"https:\/\/palemontech.eu\/index.php?rest_route=%2Fwp%2Fv2%2Fproduct_tag&post=2475"}],"curies":[{"name":"wp","href":"https:\/\/api.w.org\/{rel}","templated":true}]}}