{"id":2474,"date":"2023-03-19T09:09:10","date_gmt":"2023-03-19T07:09:10","guid":{"rendered":"https:\/\/palemontech.eu\/?post_type=product&#038;p=2474"},"modified":"2026-05-05T16:17:17","modified_gmt":"2026-05-05T13:17:17","slug":"lackierte-metallpalette-mbk-1006","status":"publish","type":"product","link":"https:\/\/palemontech.eu\/?product=lackierte-metallpalette-mbk-1006&lang=de","title":{"rendered":"Lackierte Metallpalette MBK 1006"},"content":{"rendered":"<p>Metallpaletten mit Kran\u00f6sen, Seitenteil zum \u00d6ffnen, verst\u00e4rkte Konstruktionen, f\u00fcr Bauschutt und Altmaterialien.<\/p>\n","protected":false},"excerpt":{"rendered":"<p>Metallpaletten mit Kran\u00f6sen, Seitenteil zum \u00d6ffnen, verst\u00e4rkte Konstruktionen, f\u00fcr Bauschutt und Altmaterialien.<\/p>\n","protected":false},"featured_media":588,"template":"","meta":[],"product_brand":[],"product_cat":[797],"product_tag":[801,803],"class_list":{"0":"post-2474","1":"product","2":"type-product","3":"status-publish","4":"has-post-thumbnail","6":"product_cat-lackierte-paletten-aus-metall-de","7":"product_tag-lackierte-de","8":"product_tag-metallpalette-de","9":"pa_aload-3000-kg-de","10":"pa_fill-height-620-mm-de","11":"pa_length-1230-mm-de","12":"pa_model-mbk1006-de","13":"pa_own-weight-70-kg-de","14":"pa_payload-1500-kg-de","15":"pa_theight-900-mm-de","16":"pa_width-830-mm-de","18":"first","19":"instock","20":"shipping-taxable","21":"purchasable","22":"product-type-simple"},"_links":{"self":[{"href":"https:\/\/palemontech.eu\/index.php?rest_route=\/wp\/v2\/product\/2474","targetHints":{"allow":["GET"]}}],"collection":[{"href":"https:\/\/palemontech.eu\/index.php?rest_route=\/wp\/v2\/product"}],"about":[{"href":"https:\/\/palemontech.eu\/index.php?rest_route=\/wp\/v2\/types\/product"}],"wp:featuredmedia":[{"embeddable":true,"href":"https:\/\/palemontech.eu\/index.php?rest_route=\/wp\/v2\/media\/588"}],"wp:attachment":[{"href":"https:\/\/palemontech.eu\/index.php?rest_route=%2Fwp%2Fv2%2Fmedia&parent=2474"}],"wp:term":[{"taxonomy":"product_brand","embeddable":true,"href":"https:\/\/palemontech.eu\/index.php?rest_route=%2Fwp%2Fv2%2Fproduct_brand&post=2474"},{"taxonomy":"product_cat","embeddable":true,"href":"https:\/\/palemontech.eu\/index.php?rest_route=%2Fwp%2Fv2%2Fproduct_cat&post=2474"},{"taxonomy":"product_tag","embeddable":true,"href":"https:\/\/palemontech.eu\/index.php?rest_route=%2Fwp%2Fv2%2Fproduct_tag&post=2474"}],"curies":[{"name":"wp","href":"https:\/\/api.w.org\/{rel}","templated":true}]}}