{"id":2459,"date":"2023-03-19T07:43:15","date_gmt":"2023-03-19T05:43:15","guid":{"rendered":"https:\/\/palemontech.eu\/?post_type=product&#038;p=2459"},"modified":"2026-05-05T16:17:17","modified_gmt":"2026-05-05T13:17:17","slug":"gitterpalette-gb-1000","status":"publish","type":"product","link":"https:\/\/palemontech.eu\/?product=gitterpalette-gb-1000&lang=de","title":{"rendered":"Gitterpalette GB 1000"},"content":{"rendered":"<p>Gitterboxen, stapelbar, zusammenklappbar, verzinktes, punktgeschwei\u00dftes Stahlgitter mit Korbma\u00df 50&#215;50 mm, \u00d6ffnungsseite.<\/p>\n","protected":false},"excerpt":{"rendered":"<p>Gitterboxen, stapelbar, zusammenklappbar, verzinktes, punktgeschwei\u00dftes Stahlgitter mit Korbma\u00df 50&#215;50 mm, \u00d6ffnungsseite.<\/p>\n","protected":false},"featured_media":498,"template":"","meta":[],"product_brand":[],"product_cat":[789],"product_tag":[847],"class_list":{"0":"post-2459","1":"product","2":"type-product","3":"status-publish","4":"has-post-thumbnail","6":"product_cat-gitterpaletten-upgrades-de","7":"product_tag-gridpalleten-de","8":"pa_aload-3000-kg-de","9":"pa_fill-height-780-mm-de","10":"pa_length-1200mm-de","11":"pa_model-gb1000-de","12":"pa_own-weight-65-kg-de","13":"pa_payload-1000-kg-de","14":"pa_theight-955-mm-de","15":"pa_width-800-mm-de","17":"first","18":"instock","19":"shipping-taxable","20":"purchasable","21":"product-type-simple"},"_links":{"self":[{"href":"https:\/\/palemontech.eu\/index.php?rest_route=\/wp\/v2\/product\/2459","targetHints":{"allow":["GET"]}}],"collection":[{"href":"https:\/\/palemontech.eu\/index.php?rest_route=\/wp\/v2\/product"}],"about":[{"href":"https:\/\/palemontech.eu\/index.php?rest_route=\/wp\/v2\/types\/product"}],"wp:featuredmedia":[{"embeddable":true,"href":"https:\/\/palemontech.eu\/index.php?rest_route=\/wp\/v2\/media\/498"}],"wp:attachment":[{"href":"https:\/\/palemontech.eu\/index.php?rest_route=%2Fwp%2Fv2%2Fmedia&parent=2459"}],"wp:term":[{"taxonomy":"product_brand","embeddable":true,"href":"https:\/\/palemontech.eu\/index.php?rest_route=%2Fwp%2Fv2%2Fproduct_brand&post=2459"},{"taxonomy":"product_cat","embeddable":true,"href":"https:\/\/palemontech.eu\/index.php?rest_route=%2Fwp%2Fv2%2Fproduct_cat&post=2459"},{"taxonomy":"product_tag","embeddable":true,"href":"https:\/\/palemontech.eu\/index.php?rest_route=%2Fwp%2Fv2%2Fproduct_tag&post=2459"}],"curies":[{"name":"wp","href":"https:\/\/api.w.org\/{rel}","templated":true}]}}