{"id":2641,"date":"2023-03-22T12:18:26","date_gmt":"2023-03-22T10:18:26","guid":{"rendered":"https:\/\/palemontech.eu\/?page_id=2641"},"modified":"2023-04-09T12:31:17","modified_gmt":"2023-04-09T09:31:17","slug":"versand","status":"publish","type":"page","link":"https:\/\/palemontech.eu\/?page_id=2641&lang=de","title":{"rendered":"Versand und Ersatz"},"content":{"rendered":"<h2>Versand und Ersatz<\/h2>\n<p>Die Lieferung der von Ihnen bestellten Artikel erfolgt durch ein von Ihnen ausgew\u00e4hltes Kurierunternehmen an die von Ihnen angegebene Adresse bzw. Gesch\u00e4ftsstelle des Spediteurs. Die Versandkosten richten sich nach dem Spediteur und gehen zu Lasten des Kunden.<\/p>\n<p>Aufgegebene Bestellungen werden innerhalb von 5 Werktagen bearbeitet. Alle Bestellungen, die am Freitagabend, Samstag und Sonntag oder an Feiertagen eingehen, werden am ersten Werktag danach bearbeitet. Nachdem wir eine Anfrage von Ihnen erhalten haben, dass Sie ein bestimmtes Modell kaufen m\u00f6chten, erhalten Sie eine Best\u00e4tigung per E-Mail \u00fcber die get\u00e4tigte Bestellung. Auch hier werden Sie per E-Mail \u00fcber jede \u00c4nderung des Status Ihrer Bestellung informiert. Bitte \u00fcberpr\u00fcfen Sie sorgf\u00e4ltig die Korrektheit Ihrer Kontaktdaten. Falls das bestellte Modell nicht verf\u00fcgbar ist, wird der Kunde telefonisch oder per E-Mail benachrichtigt: office@palemontech.eu. Bitte beachten Sie, dass die Zahlung nur per Bank\u00fcberweisung erfolgt.<\/p>\n<p>Reklamationen werden nur vor Ort entgegengenommen.<\/p>\n","protected":false},"excerpt":{"rendered":"<p>Versand und Ersatz Die Lieferung der von Ihnen bestellten Artikel erfolgt durch ein von Ihnen ausgew\u00e4hltes Kurierunternehmen an die von Ihnen angegebene Adresse bzw. Gesch\u00e4ftsstelle des Spediteurs. Die Versandkosten richten&hellip;<a href=\"https:\/\/palemontech.eu\/?page_id=2641&#038;lang=de\" class=\"more-link\"><span class=\"more-button\">Continue reading<span class=\"screen-reader-text\">Versand und Ersatz<\/span><\/span><\/a><\/p>\n","protected":false},"author":3,"featured_media":0,"parent":0,"menu_order":0,"comment_status":"closed","ping_status":"closed","template":"","meta":{"footnotes":""},"class_list":["post-2641","page","type-page","status-publish","hentry"],"_links":{"self":[{"href":"https:\/\/palemontech.eu\/index.php?rest_route=\/wp\/v2\/pages\/2641","targetHints":{"allow":["GET"]}}],"collection":[{"href":"https:\/\/palemontech.eu\/index.php?rest_route=\/wp\/v2\/pages"}],"about":[{"href":"https:\/\/palemontech.eu\/index.php?rest_route=\/wp\/v2\/types\/page"}],"author":[{"embeddable":true,"href":"https:\/\/palemontech.eu\/index.php?rest_route=\/wp\/v2\/users\/3"}],"replies":[{"embeddable":true,"href":"https:\/\/palemontech.eu\/index.php?rest_route=%2Fwp%2Fv2%2Fcomments&post=2641"}],"version-history":[{"count":3,"href":"https:\/\/palemontech.eu\/index.php?rest_route=\/wp\/v2\/pages\/2641\/revisions"}],"predecessor-version":[{"id":2726,"href":"https:\/\/palemontech.eu\/index.php?rest_route=\/wp\/v2\/pages\/2641\/revisions\/2726"}],"wp:attachment":[{"href":"https:\/\/palemontech.eu\/index.php?rest_route=%2Fwp%2Fv2%2Fmedia&parent=2641"}],"curies":[{"name":"wp","href":"https:\/\/api.w.org\/{rel}","templated":true}]}}