{"id":2622,"date":"2023-03-22T10:39:31","date_gmt":"2023-03-22T08:39:31","guid":{"rendered":"https:\/\/palemontech.eu\/?page_id=2622"},"modified":"2023-04-09T12:29:10","modified_gmt":"2023-04-09T09:29:10","slug":"allgemeine-geschaeftsbedingungen","status":"publish","type":"page","link":"https:\/\/palemontech.eu\/?page_id=2622&lang=de","title":{"rendered":"Allgemeine Gesch\u00e4ftsbedingungen"},"content":{"rendered":"<h2>Allgemeine Gesch\u00e4ftsbedingungen<\/h2>\n<p>I. GEGENSTAND<\/p>\n<p>Kunst. 1. Diese Allgemeinen Gesch\u00e4ftsbedingungen sollen die Beziehungen zwischen \u201ePalemontech\u201c EOOD mit Verwaltungsadresse in der Stadt Montana, Glamata area 534, EIK 202473648, vertreten durch Andre Ureh, im Folgenden LIEFERANT genannt, und den Kunden regeln, nachfolgend als BENUTZER bezeichnet, des elektronischen Gesch\u00e4fts &#8222;Palemontech&#8220;, nachstehend als &#8222;ELEKTRONISCHES GESCH\u00c4FT&#8220; bezeichnet.<\/p>\n<p>II. ANBIETERDATEN<\/p>\n<p>Kunst. 2. Informationen gem\u00e4\u00df dem Gesetz \u00fcber den elektronischen Gesch\u00e4ftsverkehr und dem Verbraucherschutzgesetz: Name des Lieferanten: \u201ePALEMONTECH\u201c EOOD. Hauptsitz und Adresse der Gesch\u00e4ftsleitung: Stadt Montana, Stadt Montana, Gebiet Glamata 534. Adresse f\u00fcr die Aus\u00fcbung der T\u00e4tigkeit und Daten f\u00fcr die Korrespondenz: Montana, Glamata area 534, E-Mail: office@palemontech.eu, Telefon:<\/p>\n<p>+359 888 014 325.<br \/>\nIII. EIGENSCHAFTEN DES ELEKTRONIKSPEICHERS<\/p>\n<p>Kunst. 3. ELECTRONIC STORE ist ein elektronisches Gesch\u00e4ft, das unter der Internetadresse www.palemontech.eu verf\u00fcgbar ist und \u00fcber das Benutzer die M\u00f6glichkeit haben, Vertr\u00e4ge \u00fcber den Kauf und Verkauf und die Lieferung der vom ELECTRONIC STORE angebotenen Waren abzuschlie\u00dfen, einschlie\u00dflich der folgenden:<\/p>\n<p>Um sich zu registrieren und ein Profil zu erstellen, um im ELECTRONIC STORE zu surfen und die zus\u00e4tzlichen Dienste zur Bereitstellung von Informationen zu nutzen;<br \/>\nElektronische Erkl\u00e4rungen im Zusammenhang mit dem Abschluss oder der Ausf\u00fchrung von Vertr\u00e4gen mit dem ELECTRONIC STORE \u00fcber die im Internet verf\u00fcgbare Schnittstelle der ELECTRONIC STORE-Seite abzugeben;<br \/>\nZum Abschluss von Vertr\u00e4gen \u00fcber den Kauf und Verkauf und die Lieferung der von ELECTRONIC STORE angebotenen Waren;<br \/>\nUm alle Zahlungen im Zusammenhang mit den geschlossenen Vertr\u00e4gen mit dem ELECTRONIC STORE gem\u00e4\u00df den vom ELECTRONIC STORE unterst\u00fctzten Zahlungsmethoden zu leisten.<br \/>\nUm Informationen \u00fcber neue Waren zu erhalten, die von ELECTRONIC STORE angeboten werden;<br \/>\n\u00dcberpr\u00fcfung der Waren, ihrer Eigenschaften, Preise und Lieferbedingungen;<br \/>\n\u00dcber die sich aus dem Gesetz ergebenden Rechte in erster Linie \u00fcber die Schnittstelle der ELECTRONIC STORE-Seite im Internet informiert zu werden;<br \/>\nKunst. 4. Der Lieferant liefert die Waren und garantiert die gesetzlich vorgesehenen Rechte der Benutzer im Rahmen von Treu und Glauben, in der Praxis anerkannten, verbraucher- oder handelsrechtlichen Kriterien und Bedingungen.<\/p>\n<p>Kunst. 5.1. Die Benutzer schlie\u00dfen einen Vertrag \u00fcber den Kauf und Verkauf der vom ELECTRONIC STORE angebotenen Waren \u00fcber die Schnittstelle des Anbieters ab, die auf seiner Website unter www.avestore.bg oder einem anderen Fernkommunikationsmittel verf\u00fcgbar ist. 5.2. Gem\u00e4\u00df dem mit den Benutzern abgeschlossenen Vertrag \u00fcber den Kauf und Verkauf von Waren verpflichtet sich der Lieferant, die von ihm \u00fcber die Schnittstelle angegebenen Waren an den Benutzer zu liefern und das Eigentum daran zu \u00fcbertragen. 5.3 Die Nutzer zahlen dem Anbieter eine Verg\u00fctung f\u00fcr die gelieferten Waren gem\u00e4\u00df den im ELECTRONIC STORE festgelegten Bedingungen und diesen Allgemeinen Gesch\u00e4ftsbedingungen. Die Verg\u00fctung bel\u00e4uft sich auf den vom Anbieter unter der Adresse des ELECTRONIC STORE im Internet bekannt gegebenen Preis. 5.4. Der Lieferant liefert die von den Benutzern angeforderten Waren innerhalb der Bedingungen und unter den vom Lieferanten auf der E-Shop-Seite festgelegten Bedingungen und in \u00dcbereinstimmung mit diesen Allgemeinen Gesch\u00e4ftsbedingungen. 5.5. Der Preis f\u00fcr die Lieferung wird gesondert und ausdr\u00fccklich vom Warenpreis bestimmt.<\/p>\n<p>IV. VERWENDUNG DES ELEKTRONISCHEN SPEICHERS<\/p>\n<p>Kunst. 7. 1. Um den ELEKTRONISCHEN STORE zum Abschluss von Vertr\u00e4gen \u00fcber den Kauf und Verkauf von Waren zu nutzen, muss der Benutzer seinen gew\u00e4hlten Namen und sein Passwort f\u00fcr den Fernzugriff eingeben, falls der elektronische Laden eine Registrierung erfordert. 7.2. Name und Passwort f\u00fcr den Fernzugriff werden vom Nutzer durch elektronische Registrierung auf der Website des Anbieters festgelegt. 7.3. Durch das Ausf\u00fcllen seiner Daten und das Dr\u00fccken der Schaltfl\u00e4che &#8222;Registrieren&#8220; erkl\u00e4rt der Benutzer, dass er mit diesen allgemeinen Bedingungen vertraut ist, mit ihrem Inhalt einverstanden ist und sich verpflichtet, sie bedingungslos einzuhalten. 7.4. Der Anbieter best\u00e4tigt die Registrierung des Nutzers durch \u00dcbersendung eines Schreibens an die vom Nutzer angegebene E-Mail-Adresse, an die auch Informationen zur Aktivierung der Registrierung gesendet werden. Der Empf\u00e4nger best\u00e4tigt die Anmeldung und den Vertragsschluss durch einen elektronischen Hinweis in dem ihm vom Anbieter \u00fcbersandten Schreiben \u00fcber die erfolgte Anmeldung. Nach der Best\u00e4tigung wird der Account des Nutzers erstellt und ein Vertragsverh\u00e4ltnis zwischen ihm und dem Anbieter begr\u00fcndet. 7.5. Bei der Registrierung verpflichtet sich der Nutzer, korrekte und aktuelle Daten anzugeben. Der Nutzer aktualisiert die in seiner Registrierung angegebenen Daten bei \u00c4nderung zeitnah.<\/p>\n<p>Kunst. 8. 1. Die bei der Erstregistrierung des Nutzers angegebene elektronische Adresse sowie jede sp\u00e4tere elektronische Adresse, die f\u00fcr den Austausch von Erkl\u00e4rungen zwischen dem Nutzer und dem Anbieter verwendet wird, ist eine &#8222;prim\u00e4re elektronische Adresse&#8220; im Sinne dieser Allgemeinen Gesch\u00e4ftsbedingungen und Bedingungen. Der Benutzer hat das Recht, seine prim\u00e4re Kontakt-E-Mail-Adresse zu \u00e4ndern. 8.2. Nach Erhalt einer Anfrage zur \u00c4nderung der prim\u00e4ren Kontakt-E-Mail-Adresse sendet der Anbieter eine Anfrage zur Best\u00e4tigung der \u00c4nderung. Die Best\u00e4tigungsanfrage wird vom Anbieter an die vom Nutzer angegebene neue Hauptkontakt-E-Mail gesendet<\/p>\n","protected":false},"excerpt":{"rendered":"<p>Allgemeine Gesch\u00e4ftsbedingungen I. GEGENSTAND Kunst. 1. Diese Allgemeinen Gesch\u00e4ftsbedingungen sollen die Beziehungen zwischen \u201ePalemontech\u201c EOOD mit Verwaltungsadresse in der Stadt Montana, Glamata area 534, EIK 202473648, vertreten durch Andre Ureh,&hellip;<a href=\"https:\/\/palemontech.eu\/?page_id=2622&#038;lang=de\" class=\"more-link\"><span class=\"more-button\">Continue reading<span class=\"screen-reader-text\">Allgemeine Gesch\u00e4ftsbedingungen<\/span><\/span><\/a><\/p>\n","protected":false},"author":3,"featured_media":0,"parent":0,"menu_order":0,"comment_status":"closed","ping_status":"closed","template":"elementor_header_footer","meta":{"footnotes":""},"class_list":["post-2622","page","type-page","status-publish","hentry"],"_links":{"self":[{"href":"https:\/\/palemontech.eu\/index.php?rest_route=\/wp\/v2\/pages\/2622","targetHints":{"allow":["GET"]}}],"collection":[{"href":"https:\/\/palemontech.eu\/index.php?rest_route=\/wp\/v2\/pages"}],"about":[{"href":"https:\/\/palemontech.eu\/index.php?rest_route=\/wp\/v2\/types\/page"}],"author":[{"embeddable":true,"href":"https:\/\/palemontech.eu\/index.php?rest_route=\/wp\/v2\/users\/3"}],"replies":[{"embeddable":true,"href":"https:\/\/palemontech.eu\/index.php?rest_route=%2Fwp%2Fv2%2Fcomments&post=2622"}],"version-history":[{"count":2,"href":"https:\/\/palemontech.eu\/index.php?rest_route=\/wp\/v2\/pages\/2622\/revisions"}],"predecessor-version":[{"id":2724,"href":"https:\/\/palemontech.eu\/index.php?rest_route=\/wp\/v2\/pages\/2622\/revisions\/2724"}],"wp:attachment":[{"href":"https:\/\/palemontech.eu\/index.php?rest_route=%2Fwp%2Fv2%2Fmedia&parent=2622"}],"curies":[{"name":"wp","href":"https:\/\/api.w.org\/{rel}","templated":true}]}}